{"id":11,"date":"2013-09-30T10:51:28","date_gmt":"2013-09-30T08:51:28","guid":{"rendered":"http:\/\/smad.mini.pw.edu.pl\/?page_id=11"},"modified":"2024-09-18T17:58:34","modified_gmt":"2024-09-18T15:58:34","slug":"kontakt","status":"publish","type":"page","link":"https:\/\/smad.mini.pw.edu.pl\/?page_id=11","title":{"rendered":"Kontakt"},"content":{"rendered":"<p>Wydzia\u0142 Matematyki i Nauk Informacyjnych<br \/>\nPolitechnika Warszawska<br \/>\nul. Koszykowa 75<br \/>\n00-662 Warszawa<\/p>\n<p>Opiekun specjalno\u015bci: prof. dr hab. Przemys\u0142aw Grzegorzewski<br \/>\nmail: Przemyslaw.Grzegorzewski(&#8222;at&#8221;)pw(&#8222;kropka&#8221;)edu(&#8222;kropka&#8221;)pl<\/p>\n","protected":false},"excerpt":{"rendered":"<p>Wydzia\u0142 Matematyki i Nauk Informacyjnych Politechnika Warszawska ul. Koszykowa 75 00-662 Warszawa Opiekun specjalno\u015bci: prof. dr hab. Przemys\u0142aw Grzegorzewski mail: Przemyslaw.Grzegorzewski(&#8222;at&#8221;)pw(&#8222;kropka&#8221;)edu(&#8222;kropka&#8221;)pl<\/p>\n","protected":false},"author":1,"featured_media":0,"parent":0,"menu_order":99,"comment_status":"closed","ping_status":"closed","template":"","meta":{"footnotes":""},"class_list":["post-11","page","type-page","status-publish","hentry"],"_links":{"self":[{"href":"https:\/\/smad.mini.pw.edu.pl\/index.php?rest_route=\/wp\/v2\/pages\/11","targetHints":{"allow":["GET"]}}],"collection":[{"href":"https:\/\/smad.mini.pw.edu.pl\/index.php?rest_route=\/wp\/v2\/pages"}],"about":[{"href":"https:\/\/smad.mini.pw.edu.pl\/index.php?rest_route=\/wp\/v2\/types\/page"}],"author":[{"embeddable":true,"href":"https:\/\/smad.mini.pw.edu.pl\/index.php?rest_route=\/wp\/v2\/users\/1"}],"replies":[{"embeddable":true,"href":"https:\/\/smad.mini.pw.edu.pl\/index.php?rest_route=%2Fwp%2Fv2%2Fcomments&post=11"}],"version-history":[{"count":3,"href":"https:\/\/smad.mini.pw.edu.pl\/index.php?rest_route=\/wp\/v2\/pages\/11\/revisions"}],"predecessor-version":[{"id":1176,"href":"https:\/\/smad.mini.pw.edu.pl\/index.php?rest_route=\/wp\/v2\/pages\/11\/revisions\/1176"}],"wp:attachment":[{"href":"https:\/\/smad.mini.pw.edu.pl\/index.php?rest_route=%2Fwp%2Fv2%2Fmedia&parent=11"}],"curies":[{"name":"wp","href":"https:\/\/api.w.org\/{rel}","templated":true}]}}