{"id":125,"date":"2013-12-13T19:50:00","date_gmt":"2013-12-13T17:50:00","guid":{"rendered":"http:\/\/smad.mini.pw.edu.pl\/?page_id=125"},"modified":"2025-12-16T23:29:06","modified_gmt":"2025-12-16T21:29:06","slug":"aktualnosci-2","status":"publish","type":"page","link":"https:\/\/smad.mini.pw.edu.pl\/","title":{"rendered":"Aktualno\u015bci"},"content":{"rendered":"\n<p><ul>\n<li>Zapraszamy student\u00f3w i prowadz\u0105cych zaj\u0119cia, absolwent\u00f3w i wszystkich sympatyk\u00f3w naszej specjalno\u015bci na nasze tradycyjne <b>SMAD-owe spotkanie wigilijne<\/b>. Odb\u0119dzie si\u0119 ono <b>w czwartek 18 grudnia 2025 r. o godz. 18:00<\/b> w sali Rady Wydzia\u0142u. Przybywajcie!!!<\/li>\n\n<li>Serdecznie pozdrawiamy wszystkich SMADowicz\u00f3w u progu nowego roku akademickiego 2025\/2026 i zapraszamy na spotkanie integracyjne naszej specjalno\u015bci, kt\u00f3re odb\u0119dzie si\u0119 w sobot\u0119 25 pa\u017adziernika 2025 r. (godz. 15:00, sala 216).<\/li>\n\n<li>Drodzy SMAD-owicze! Jak co roku serdecznie zapraszamy na nasze tradycyjne spotkanie wigilijne. Tym razem odb\u0119dzie si\u0119 ono we wtorek 17 grudnia 2024 r. o godz. 18:00 w sali Rady Wydzia\u0142u. Zapraszamy student\u00f3w i prowadz\u0105cych zaj\u0119cia, absolwent\u00f3w i wszystkich sympatyk\u00f3w naszej specjalno\u015bci. Przybywajcie niezawodnie!<\/li>\n\n<li>Rozpoczynamy nowy rok akademicki 2024\/2025. Witamy wszyskich SMAD-owicz\u00f3w &#8211; zw\u0142aszcza ,,pierwszak\u00f3w&#8221;. W sobot\u0119 5 pa\u017adziernika 2024 zapraszamy na spotkanie integracyjne naszej specjalno\u015bci (godz. 15:00, sala 211).<\/li>\n\n<li>\nGratulujemy absolwentkom SMAD-u \u2013 p. Ma\u0142gorzacie Dobkowskiej, p. Ma\u0142gorzacie \u0141az\u0119ckiej, p. Karolinie Seweryn i p. Katarzynie Zdon \u2013 nominacji do  <a href=\"https:\/\/womenintechsummit.pl\/top-100-women-in-data-science\">Top 100 Women in Data Science in Poland<\/a>.\n(maj 2024)\n\n<\/li>\n\n\n<li>Serdecznie zapraszamy wszystkich SMAD-owicz\u00f3w \u2013 aktualnie studiuj\u0105cych, absolwent\u00f3w, prowadz\u0105cych zaj\u0119cia oraz sympatyk\u00f3w naszej specjalno\u015bci \u2013 na tradycyjne spotkanie wigilijne: \u015broda 20 grudnia 2023r., godz. 18:00 (w Kantynie). <\/li>\n<li>Drodzy SMADowicze! Rozpoczynaj\u0105c kolejny rok akademicki zapraszamy na spotkanie integracyjne naszej specjalno\u015bci: sobota, 21.10.2023, godz. 15:00.<\/li><\/ul><\/p>\n\n\n\n<figure class=\"wp-block-image size-medium\"><a href=\"https:\/\/smad.mini.pw.edu.pl\/wp-content\/uploads\/2023\/06\/logo_palac_ciemnoszary-marg-1.png\"><img loading=\"lazy\" decoding=\"async\" width=\"300\" height=\"186\" src=\"https:\/\/smad.mini.pw.edu.pl\/wp-content\/uploads\/2023\/06\/logo_palac_ciemnoszary-marg-1-300x186.png\" alt=\"\" class=\"wp-image-1092\" srcset=\"https:\/\/smad.mini.pw.edu.pl\/wp-content\/uploads\/2023\/06\/logo_palac_ciemnoszary-marg-1-300x186.png 300w, https:\/\/smad.mini.pw.edu.pl\/wp-content\/uploads\/2023\/06\/logo_palac_ciemnoszary-marg-1-1024x635.png 1024w, https:\/\/smad.mini.pw.edu.pl\/wp-content\/uploads\/2023\/06\/logo_palac_ciemnoszary-marg-1-768x477.png 768w, https:\/\/smad.mini.pw.edu.pl\/wp-content\/uploads\/2023\/06\/logo_palac_ciemnoszary-marg-1-1536x953.png 1536w, https:\/\/smad.mini.pw.edu.pl\/wp-content\/uploads\/2023\/06\/logo_palac_ciemnoszary-marg-1-2048x1271.png 2048w\" sizes=\"auto, (max-width: 300px) 100vw, 300px\" \/><\/a><\/figure>\n\n\n\n<ul class=\"wp-block-list\">\n<li> W dniach 3-7 lipca 2023 roku odb\u0119dzie si\u0119 w Warszawie 34. konferencja European Meeting of Statisticians (EMS 2023). Europejskie Spotkania Statystyk\u00f3w, organizowane pod patronatem Europejskiego Komitetu Regionalnego Towarzystwa Bernoulli, tworz\u0105 cykl najbardziej presti\u017cowych konferencji ze statystyki matematycznej, odbywaj\u0105cych si\u0119 w Europie. Ka\u017cda konferencja tej serii to wydarzenie, w kt\u00f3rym uczestnicz\u0105 statystycy z wielu kraj\u00f3w ca\u0142ego \u015bwiata, aby wymienia\u0107 si\u0119 do\u015bwiadczeniami i rozmawia\u0107 o najnowszych osi\u0105gni\u0119ciach w szeroko rozumianej dziedzinie statystyki i teorii prawdopodobie\u0144stwa. Pierwsze spotkanie EMS odby\u0142o si\u0119 w Dublinie w 1962 roku. Tegoroczna konferencja jest organizowana przez Wydzia\u0142 Matematyki i Nauk Informacyjnych PW, Wydzia\u0142 Matematyki, Informatyki i Mechaniki UW oraz Polskie Towarzystwo Matematyczne, pod patronatem Komitetu Matematyki Polskiej Akademii Nauk. Szczeg\u00f3\u0142owe informacje i program konferencji jest dost\u0119pny pod adresem: <a href=\"https:\/\/ems2023.org\/\">https:\/\/ems2023.org\/<\/a>. (26.06.2023) <\/li>\n\n\n\n<li>Z rado\u015bci\u0105 informujemy, \u017ce studentka naszej specjalnosci &#8211; Alicja Matulewicz &#8211; otrzyma\u0142a stypendium Ministra Edukacji i Nauki za znacz\u0105ce osi\u0105gni\u0119cia naukowe, artystyczne lub sportowe. Stypendium otrzyma\u0142 r\u00f3wnie\u017c by\u0142y student specjalno\u015bci SMAD &#8211; Hubert Dr\u0105\u017ckowski. Gratulujemy! Pe\u0142na lista nagrodzonych dost\u0119pna na <a href=\"https:\/\/www.gov.pl\/web\/edukacja-i-nauka\/ogloszenie-wynikow-postepowania-w-sprawie-przyznania-stypendiow-ministra-edukacji-i-nauki-dla-studentow-na-rok-akademicki-20222023\">stronie MEiN<\/a>. (5.04.2023) <\/li>\n\n\n\n<li>Po trzech latach przerwy spowodowanej pandemi\u0105 zapraszamy wszystkich SMAD-owicz\u00f3w &#8211; zar\u00f3wno aktualnie studiuj\u0105cych, jaki i absolwent\u00f3w naszej specjalno\u015bci oraz prowadz\u0105cych zaj\u0119cia &#8211; na tradycyjne <b>spotkanie wigilijne<\/b>, kt\u00f3re odb\u0119dzie si\u0119 w \u015brod\u0119, 20 grudnia 2022 r., o godz. 17:00, w sali 40. Przybywajcie t\u0142umnie, z instrumentami muzycznymi, kol\u0119dowym zapa\u0142em, a przede wszystkim z dobrych humorem!!!<\/li>\n\n\n\n<li>Serdecznie witamy wszystkich SMAD-owicz\u00f3w w kolejnym roku akademickim 2022\/2023, kt\u00f3ry to rok rozpoczynamy w nowej formule: SMAD sta\u0142\u0105 si\u0119 specjalno\u015bci\u0105 na studiach II stopnia na kierunku Matematyka i Analiza Danych (MAD). Mamy nadziej\u0119, \u017ce zwi\u0105zane z tym zmiany programowe uczyni\u0105 te studia jeszcze bardziej atrakcyjnymi!<\/li>\n\n\n\n<li>Niedawno ukaza\u0142a si\u0119 drukiem ksi\u0105\u017cka Anny Kozak (absolwentki SMAD), Przemys\u0142awa Biecka i Aleksandra Zawady pt. &#8222;Wprowadzenie do modelowania predykcyjnego&#8221;. Przedstawiono w niej podstawowe poj\u0119cia i koncepcje z zakresu uczenia maszynowego, przeplataj\u0105c teori\u0119 z przyk\u0142adami, po cz\u0119\u015bci w uj\u0119ciu komiksowym, k\u0142ad\u0105c nacisk na idee tworzenia modeli zgodnie z regu\u0142ami tzw. Odpowiedzialnego Uczenia Maszynowego (ang. Responsible Machine Learning). Elektroniczn\u0105 wersj\u0119 ksi\u0105\u017cki mo\u017cna odnale\u017a\u0107 na stronie <a href=\"https:\/\/betaandbit.github.io\/MiniML\/\">https:\/\/betaandbit.github.io\/MiniML\/<\/a>. Ksi\u0105\u017cka jest dost\u0119pna r\u00f3wnie\u017c w kilku innych j\u0119zykach: <a href=\"https:\/\/betaandbit.github.io\/RML\/\">wersja angielska<\/a>, <a href=\"https:\/\/betaandbit.github.io\/RML_ES\/\">wersja hiszpa\u0144ska<\/a> i <a href=\"https:\/\/betaandbit.github.io\/RML_VN\/\">wersja wietnamska<\/a>.<\/li>\n\n\n\n<li>Drodzy SMAD-owicze! Rozpoczynamy rok akademicki 2021\/2022. Pozdrawiam serdecznie wszystkich prowadz\u0105cych, student\u00f3w i weteran\u00f3w. Szczeg\u00f3lnie ciep\u0142o witam &#8222;pierwszak\u00f3w&#8221;, kt\u00f3ry do\u0142\u0105czyli do naszej spo\u0142eczno\u015bci akademickiej. Po p\u00f3\u0142tora roku zdalnych spotka\u0144 wracamy do zaj\u0119\u0107 stacjonarnych w pi\u0119knym gmachu naszego Wydzia\u0142u. I miejmy nadziej\u0119, \u017ce tak ju\u017c zostanie!<\/li>\n\n\n\n<li>Zach\u0119camy student\u00f3w i doktorant\u00f3w do udzia\u0142u w <a href=\"https:\/\/pages.mini.pw.edu.pl\/~radadokt\/bedlewo2021\/\">VIII Interdyscyplinarnych Warsztatach Matematyczno-Informatycznych<\/a> ( Wirtualne B\u0119dlewo, 8-9 maja 2021).<\/li>\n\n\n\n<li>Kolejna &#8222;Debata oksfordzka&#8221; na SMAD-zie &#8211; 28 kwietnia 2021, godz. 17:15 (na MS Teams).<\/li>\n\n\n\n<li>Serdecznie zapraszamy na SMAD-owe spotkanie wielkanocne: \u015broda, 7 kwietnia 2021 r., godz. 17:00 (niestety, ale zn\u00f3w tylko na MS Teams).<\/li>\n\n\n\n<li>Zapraszamy do udzia\u0142u w <a href=\"https:\/\/dwumian.mini.pw.edu.pl\/\">Studenckiej Konferencji Zastosowa\u0144 Matematyki &#8222;DwuMIan 2021&#8221;<\/a>, w organizacji kt\u00f3rej uczestnicz\u0105 czynnie przedstawiciele SMAD-u.<\/li>\n\n\n\n<li>Serdecznie zapraszamy wszystkich SMAD-owicz\u00f3w &#8211; aktualnie studiuj\u0105cych oraz absolwent\u00f3w naszej specjalno\u015bci &#8211; na tradycyjne spotkanie wigilijne, kt\u00f3re odb\u0119dzie si\u0119 w \u015brod\u0119, 23 grudnia 2020 r., o godz. 18:00. I cho\u0107 tym razem, z konieczno\u015bci, zbierzemy si\u0119 w &#8222;sali wirtualnej&#8221;, b\u0119dzie to jak najbardziej realne \u015bwi\u0119towanie!<\/li>\n\n\n\n<li>Drodzy! Niestety, ale obostrzenia spowodowane pandemi\u0105 nie pozwoli\u0142y nam (p\u00f3ki co) zorganizowa\u0107 tradycyjnego spotkania integracyjnego. Aby jednak nie ogranicza\u0107 naszych kontakt\u00f3w do zdalnych zaj\u0119\u0107 dydaktycznych, inaugurujemy nowy cykl spotka\u0144 zatytu\u0142owanych umownie &#8222;Rozmowy o ksi\u0105\u017ckach i nie tylko&#8230;&#8221;. Inauguracja w czwartek 19 listopada o godzinie 19:00. Zapraszamy!<\/li>\n\n\n\n<li>Kochani SMAD-owicze! Rozpoczynamy kolejny rok akademicki: 2020\/2021. Witamy wszystkich serdecznie, a zw\u0142aszcza &#8222;pierwszak\u00f3w&#8221; &#8211; cieszymy si\u0119, \u017ce do\u0142\u0105czyli\u015bcie do naszej spo\u0142eczno\u015bci. Niestety, z powodu pandemii, nasze spotkania w najbli\u017cszym czasie b\u0119d\u0105 mia\u0142y g\u0142ownie charakter zdalny. B\u0105d\u017acie z nami na MS Teams, Facebooku itd.<\/li>\n\n\n\n<li>Od 31 marca 2020 specjalno\u015b\u0107 SMAD jest r\u00f3wnie\u017c obecna na Facebooku. Zapraszamy: <a href=\"https:\/\/www.facebook.com\/SMADMINIPW\/?ref=py_c\"> @SMADMINIPW<\/a>.<\/li>\n\n\n\n<li>Serdecznie zapraszamy wszystkich SMAD-owicz\u00f3w &#8211; aktualnie studiuj\u0105cych, absolwent\u00f3w oraz fan\u00f3w naszej specjalno\u015bci &#8211; na spotkanie wigilijne: wtorek 17 grudnia 2019 r., godz. 18:00 (sala Rady Wydzia\u0142u).<\/li>\n\n\n\n<li>Serdecznie witamy wszystkich &#8222;nowych&#8221; i &#8222;starych&#8221; SMAD-owicz\u00f3w w kolejnym roku akademickim 2019\/2020!!!<br \/>Zapraszamy na wyjazd integracyjny, kt\u00f3ry odb\u0119dzie si\u0119 w sobot\u0119 26 pa\u017adziernika 2019 r. w Centrum Szkoleniowo Konferencyjnym KZRS &#8222;SCh&#8221;.<\/li>\n\n\n\n<li>W czwartek 27 czerwca 2019 r., w sali 103, odb\u0119dzie si\u0119 &#8222;SMADowisko&#8221;. W programie: przegl\u0105d filmik\u00f3w popularno-naukowych po\u015bwieconych statystyce matematycznej i analizie danych oraz debata oxfordzka na temat &#8222;\u015awiat jest matematyczny&#8221;. Zapraszamy!<\/li>\n\n\n\n<li>Seminarium wyjazdowe &#8222;Bieszczady 2019&#8221; &#8211; Koliba, 30.05-3.06.2019. Zapraszamy!<\/li>\n\n\n\n<li>Zapraszamy w poniedzia\u0142ek, 6 maja 2019 r.,o godz. 12:15, s. 329, na nadzwyczajny wyk\u0142ad &#8222;Big Data Analytics &amp; Applications&#8221;, kt\u00f3ry wyg\u0142osi dw\u00f3ch specjalnych go\u015bci:- S. Ejaz Ahmed (Faculty of Math &amp; Science, Brock University, Canada) &#8211; cz\u0119\u015b\u0107 I: &#8222;Dealing with Implicit Bias in Big Data Analytics: Integrating Machine and Statistical Learning&#8221;<br \/>&#8211; Jazib H. Ahmed (Fanxchange, Toronto, Canada) &#8211; cz\u0119\u015b\u0107 II: &#8222;Enhancing Business Opportunities: Integrating Public Data&#8221;.<br \/><a href=\"http:\/\/smad.mini.pw.edu.pl\/wp-content\/uploads\/2013\/12\/Ahmed_wyklad.pdf\">Szczeg\u00f3\u0142owe informacje<\/a><\/li>\n\n\n\n<li>Najnowsze publikacje ksi\u0105\u017ckowe naszych wyk\u0142adowc\u00f3w:<\/li>\n<\/ul>\n\n\n\n<figure class=\"wp-block-image\"><a href=\"https:\/\/smad.mini.pw.edu.pl\/wp-content\/uploads\/2013\/12\/MMC.jpg\"><img loading=\"lazy\" decoding=\"async\" width=\"200\" height=\"294\" src=\"https:\/\/smad.mini.pw.edu.pl\/wp-content\/uploads\/2013\/12\/MMC.jpg\" alt=\"MMC\" class=\"wp-image-697\"\/><\/a><\/figure>\n\n\n\n<figure class=\"wp-block-image\"><a href=\"https:\/\/smad.mini.pw.edu.pl\/wp-content\/uploads\/2013\/12\/SMiIM.jpg\"><img loading=\"lazy\" decoding=\"async\" width=\"199\" height=\"300\" src=\"https:\/\/smad.mini.pw.edu.pl\/wp-content\/uploads\/2013\/12\/SMiIM-199x300.jpg\" alt=\"SMiIM\" class=\"wp-image-698\" srcset=\"https:\/\/smad.mini.pw.edu.pl\/wp-content\/uploads\/2013\/12\/SMiIM-199x300.jpg 199w, https:\/\/smad.mini.pw.edu.pl\/wp-content\/uploads\/2013\/12\/SMiIM.jpg 488w\" sizes=\"auto, (max-width: 199px) 100vw, 199px\" \/><\/a><\/figure>\n\n\n\n<div style=\"text-align: center;\"> &nbsp;&nbsp;&nbsp;&nbsp;&nbsp;&nbsp; <\/div>\n\n\n\n<ul class=\"wp-block-list\">\n<li>Wszystkich SMADowicz\u00f3w &#8211; zar\u00f3wno aktualnie studiuj\u0105cych, jak i absolwent\u00f3w &#8211; zapraszamy na nasze tradycyjne spotkanie wigilijne: wtorek 18 grudnia 2018 r., godz. 16:15 (sala Rady Wydzia\u0142u).<\/li>\n\n\n\n<li>Serdecznie witamy wszystkich SMAD-owicz\u00f3w w kolejnym roku akademickim!!!<br \/>Zapraszamy na wyjazd integracyjny, kt\u00f3ry odb\u0119dzie si\u0119 w sobot\u0119 27 pa\u017adziernika 2018 r. w Centrum Szkoleniowo Konferencyjnym KZRS &#8222;SCh&#8221; w Miedzeszynie.<\/li>\n\n\n\n<li>Nasze tradycyjne seminarium wyjazdowe w Bieszczadach (Koliba) odb\u0119dzie si\u0119 w tym roku w dniach 24-28 maja 2018 r. Zapraszamy!<\/li>\n\n\n\n<li>Drodzy SMADowicze &#8211; obecni, byli i przyszli! Zapraszamy w sobot\u0119 12 maja do Puszczy Kampinowskiej na piknik wiosenny. Wyruszamy o 10:00 z Dziekanowa Le\u015bnego w kierunku Palmir.<\/li>\n\n\n\n<li>Zapraszamy wszystkich SMADowicz\u00f3w na spotkanie wielkanocne: wtorek, godz. 12:15, s. 210.<\/li>\n\n\n\n<li>W dniach 23-25 marca 2018 r. w gmachu naszego Wydzia\u0142u odb\u0119dzie si\u0119 pierwsza warszawska <a href=\"https:\/\/dwumian.mini.pw.edu.pl\/\">Studencka Konferencja Zastosowa\u0144 Matematyki &#8222;DwuMIan&#8221;<\/a>, organizowana wsp\u00f3lnie przez Wydzia\u0142 MIM UW oraz Wydzia\u0142 MiNI PW. Zapraszamy!<\/li>\n\n\n\n<li>Z ko\u0144cem listopada ruszy\u0142 nab\u00f3r do pierwszej edycji konkursu na najlepsz\u0105 prac\u0119 magistersk\u0105 z zakresu Machine Learning i Data Science \u2013 <a href=\"https:\/\/www.datasciencemasters.edu.pl\/\">Data Science Masters<\/a>,<br \/>organizowanego przez Wydzia\u0142 Matematyki i Nauk Informacyjnych PW. Tematyka konkursu obejmuje: analiz\u0119 danych, uczenie maszynowe, in\u017cynieri\u0119 danych, statystyk\u0119 oraz sztuczn\u0105 inteligencj\u0119. Konkurs ma charakter otwarty i mog\u0105 wzi\u0105\u0107 w nim udzia\u0142 absolwenci dowolnej polskiej uczelni. Gala Fina\u0142owa konkursu odb\u0119dzie si\u0119 14 marca 2018 r., w Mi\u0119dzynarodowym Dniu Liczby Pi. Zapraszamy do udzia\u0142u!<\/li>\n\n\n\n<li>Jeste\u015bmy ju\u017c po inauguracji kolejnego roku akademickiego. Witamy wszystkich SMAD-owicz\u00f3w, a zw\u0142aszcza &#8222;pierwszak\u00f3w&#8221;. W bie\u017c\u0105cym roku spotkanie integracyjne po\u0142\u0105czymy ze \u015awi\u0119tem Politechniki. Zapraszamy wszystkie roczniki oraz naszych absolwent\u00f3w w dniu 15 listopada 2017 r., o godzinie 16:30, do Gmachu MiNI.<\/li>\n\n\n\n<li>Zapraszamy na organizowan\u0105 w dniach 27-29 wrze\u015bnia 2017 r. na naszym Wydziale konferencj\u0119 <a href=\"http:\/\/whyr.pl\/\">Why R?<\/a> dla entuzjast\u00f3w i u\u017cytkownik\u00f3w R-a.<\/li>\n\n\n\n<li>W tym roku &#8222;statystyk&#8221; znalaz\u0142 si\u0119 na szczycie listy najbardziej atrakcyjnych zawod\u00f3w w rankingu <a href=\"http:\/\/www.careercast.com\/jobs-rated\/2017-jobs-rated-report\">Jobs Rated Report 2017<\/a>. To kolejny argument, by studiowa\u0107 na specjalno\u015bci SMAD! Zapraszamy!<\/li>\n\n\n\n<li>Uwaga! Od 1 czerwca w gmachu naszego Wydzia\u0142u MiNI dzia\u0142a MI^2 DataLab.<\/li>\n\n\n\n<li>Tegoroczne seminarium w Bieszczadach (Koliba) odb\u0119dzie si\u0119 w dniach 1-5 czerwca 2017r. Zapraszamy!<\/li>\n\n\n\n<li>Zapraszamy na kolejn\u0105 debat\u0119 oxfordsk\u0105. Tym razem b\u0119dziemy dyskutowa\u0107, czy \u015bwiat ma natur\u0119 stochastyczn\u0105 czy deterministyczn\u0105 (10.V.2017, godz. 16:15).<\/li>\n\n\n\n<li>Zapraszamy na ci\u0105g imprez grudniowych: 14.XII &#8211; debata oxfordska na temat tego, czy matematyk\u0119 si\u0119 odkrywa, czy tworzy; 15.XII &#8211; wyprawa do Teatru Dramatycznego; 21.XII &#8211; spotkanie wigilijne.<\/li>\n\n\n\n<li>Serdecznie witamy w kolejnym roku akademickim &#8211; zar\u00f3wno weteran\u00f3w, jak i tych, kt\u00f3rzy dopiero zaczynaj\u0105 studia na naszej specjalno\u015bci. Zapraszamy na wyjazd integracyjny, wsp\u00f3\u0142organizowany z Ko\u0142em Naukowym &#8222;Data Science&#8221;, kt\u00f3ry odb\u0119dzie si\u0119 w Miedzeszynie, w dniach 5-6 listopada 2016 r.<\/li>\n\n\n\n<li>Wszystkich fan\u00f3w statystyki i analizy danych zapraszamy na specjalno\u015b\u0107 SMAD! Niezdecydowanych zach\u0119camy do zajrzenia na stron\u0119 <a href=\"http:\/\/www.careercast.com\/jobs-rated\/jobs-rated-report-2016-ranking-200-jobs\">Jobs Rated Report 2016<\/a>.<\/li>\n\n\n\n<li>Nasze tegoroczne seminarium w Bieszczadach (Koliba) odb\u0119dzie si\u0119 w dniach 19-22 maja 2016r. Zapraszamy wszystkich SMAD-owicz\u00f3w :-)<\/li>\n\n\n\n<li>Zapraszamy wszystkich SMAD-owicz\u00f3w (i nie tylko) na spotkanie wigilijne &#8211; wtorek, 22. grudnia 2015, godz. 12:15 (s. 210).<\/li>\n\n\n\n<li>Serdecznie witamy wszystkich SMAD-owicz\u00f3w w kolejnym roku akademickim. Ten rok zaczynamy od wyjazdu integracyjnego, organizowanego wsp\u00f3lnie z naszym Ko\u0142em Naukowym &#8222;Data Science&#8221;. Zapraszamy do Julinka w Puszczy Kampinowskiej (10-11 pa\u017adziernika 2015 r.).<\/li>\n\n\n\n<li>Zapraszamy na nasze tradycyjne seminarium w Bieszczadach (Koliba, 28-31 maja 2015 r).<\/li>\n\n\n\n<li>Nasi studenci wsp\u00f3\u0142organizowali i uczestniczyli w trwaj\u0105cym ponad 11 godzin <a href=\"http:\/\/smarterpoland.pl\/index.php\/2015\/05\/maraton-zespolowej-analizy-danych-podsumowanie\/\">Pierwszym maratonie zespo\u0142owej analizy danych<\/a>, koordynowanym przez prof. Przemys\u0142awa Biecka.<\/li>\n\n\n\n<li>Serdecznie zapraszamy na IX Spotkanie Entuzjast\u00f3w R, kt\u00f3re odb\u0119dzie si\u0119 w czwartek 23 kwietnia o 18:00 w sali 309 <a href=\"http:\/\/www.meetup.com\/Spotkania-Entuzjastow-R-Warsaw-R-Users-Group-Meetup\/\">(szczeg\u00f3\u0142y)<\/a>.<\/li>\n\n\n\n<li><a href=\"http:\/\/datascience.mini.pw.edu.pl\/\">Ko\u0142o Naukowe Data Science<\/a> zainaugurowa\u0142o dzia\u0142alno\u015b\u0107!<\/li>\n\n\n\n<li>Mi\u0142o nam poinformowa\u0107, \u017ce student SMADu &#8211; Norbert Ryciak &#8211; zdoby\u0142 pierwsze miejsce w finale konkursu &#8222;Wygraj z analiz\u0105 danych&#8221;, organizowanym przez Ko\u0142o Naukowe Analiz Ekonomicznych SGH.<\/li>\n\n\n\n<li>Mi\u0142o nam poinformowa\u0107, \u017ce studentka SMADu &#8211; Emma Sanderson &#8211; zdoby\u0142a drugie miejsce w konkursie studenckim na najlepsz\u0105 wizualizacj\u0119 danych, organizowanym w ramach konferencji <a href=\"http:\/\/estymator.ue.poznan.pl\/pazur\/konkurs_prace.html\">Polskiego Akademickiego Zlotu U\u017cytkownik\u00f3w R, PAZUR 2014.<br \/><\/a><\/li>\n\n\n\n<li>Zapraszamy na szkolenie: &#8222;Aggregation Functions&#8221; (\u015broda 10.12.2014, godz. 12:15, sala 103 oraz pi\u0105tek 12.12.2014, godz. 10:15, sala 102), kt\u00f3re poprowadzi prof. Radko Mesiar (STU Bratislava).<\/li>\n\n\n\n<li>Zapraszamy na szkolenie: &#8222;Teoria i zastosowania implikacji rozmytych&#8221; (pi\u0105tek 12.12.2014, godz. 14:15, sala 102), kt\u00f3re poprowadzi prof. Micha\u0142 Baczy\u0144ski (Uniwersytet \u015al\u0105ski).<\/li>\n\n\n\n<li>Zaproszenie dla fan\u00f3w R-a:<a href=\"https:\/\/smad.mini.pw.edu.pl\/wp-content\/uploads\/2013\/12\/SERVIIb.png\"><img loading=\"lazy\" decoding=\"async\" class=\"alignnone wp-image-256 size-medium\" src=\"https:\/\/smad.mini.pw.edu.pl\/wp-content\/uploads\/2013\/12\/SERVIIb-252x300.png\" alt=\"SERVIIb\" width=\"252\" height=\"300\" srcset=\"https:\/\/smad.mini.pw.edu.pl\/wp-content\/uploads\/2013\/12\/SERVIIb-252x300.png 252w, https:\/\/smad.mini.pw.edu.pl\/wp-content\/uploads\/2013\/12\/SERVIIb.png 748w\" sizes=\"auto, (max-width: 252px) 100vw, 252px\" \/><\/a><\/li>\n\n\n\n<li>Zapraszamy na szkolenie: &#8222;Klasyfikacja binarna, klasyfikacja wieloetykietowa i ranking: podej\u015bcie teoriodecyzyjne&#8221;, kt\u00f3re poprowadzi dr Krzysztof Dembczy\u0144ski i dr Wojciech Kot\u0142owski (Politechnika Pozna\u0144ska). Dwudniowe szkolenie odb\u0119dzie si\u0119 we wtorek 25 listopada 2014 (godz. 14:15, sala 107) oraz w \u015brod\u0119 26 listopada 2014 (godz. 12:15, sala 103).<\/li>\n<\/ul>\n\n\n\n<p><\/p>\n","protected":false},"excerpt":{"rendered":"<p>Zapraszamy student\u00f3w i prowadz\u0105cych zaj\u0119cia, absolwent\u00f3w i wszystkich sympatyk\u00f3w naszej specjalno\u015bci na nasze tradycyjne SMAD-owe spotkanie wigilijne. Odb\u0119dzie si\u0119 ono w czwartek 18 grudnia 2025 r. o godz. 18:00 w sali Rady Wydzia\u0142u. Przybywajcie!!! Serdecznie pozdrawiamy wszystkich SMADowicz\u00f3w u progu nowego roku akademickiego 2025\/2026 i zapraszamy na spotkanie integracyjne naszej specjalno\u015bci, kt\u00f3re odb\u0119dzie si\u0119 w &hellip; <a href=\"https:\/\/smad.mini.pw.edu.pl\/\" class=\"more-link\">Continue reading <span class=\"screen-reader-text\">Aktualno\u015bci<\/span> <span class=\"meta-nav\">&rarr;<\/span><\/a><\/p>\n","protected":false},"author":2,"featured_media":0,"parent":0,"menu_order":-1,"comment_status":"closed","ping_status":"closed","template":"","meta":{"footnotes":""},"class_list":["post-125","page","type-page","status-publish","hentry"],"_links":{"self":[{"href":"https:\/\/smad.mini.pw.edu.pl\/index.php?rest_route=\/wp\/v2\/pages\/125","targetHints":{"allow":["GET"]}}],"collection":[{"href":"https:\/\/smad.mini.pw.edu.pl\/index.php?rest_route=\/wp\/v2\/pages"}],"about":[{"href":"https:\/\/smad.mini.pw.edu.pl\/index.php?rest_route=\/wp\/v2\/types\/page"}],"author":[{"embeddable":true,"href":"https:\/\/smad.mini.pw.edu.pl\/index.php?rest_route=\/wp\/v2\/users\/2"}],"replies":[{"embeddable":true,"href":"https:\/\/smad.mini.pw.edu.pl\/index.php?rest_route=%2Fwp%2Fv2%2Fcomments&post=125"}],"version-history":[{"count":193,"href":"https:\/\/smad.mini.pw.edu.pl\/index.php?rest_route=\/wp\/v2\/pages\/125\/revisions"}],"predecessor-version":[{"id":1254,"href":"https:\/\/smad.mini.pw.edu.pl\/index.php?rest_route=\/wp\/v2\/pages\/125\/revisions\/1254"}],"wp:attachment":[{"href":"https:\/\/smad.mini.pw.edu.pl\/index.php?rest_route=%2Fwp%2Fv2%2Fmedia&parent=125"}],"curies":[{"name":"wp","href":"https:\/\/api.w.org\/{rel}","templated":true}]}}