{"id":226,"date":"2014-09-16T22:52:19","date_gmt":"2014-09-16T20:52:19","guid":{"rendered":"http:\/\/smad.mini.pw.edu.pl\/?page_id=226"},"modified":"2020-10-20T23:28:16","modified_gmt":"2020-10-20T21:28:16","slug":"ciekawe-linki","status":"publish","type":"page","link":"https:\/\/smad.mini.pw.edu.pl\/?page_id=226","title":{"rendered":"Ciekawe linki"},"content":{"rendered":"<ul>\n<li><a href=\"https:\/\/ww2.mini.pw.edu.pl\/wp-content\/uploads\/pytania-dyplomowe-SMAD.pdf\">Zagadnienia na egzamin magisterski dla student\u00f3w specjalno\u015bci SMAD<\/a><\/li>\n<p><\/p>\n<li><a href=\"https:\/\/ww2.mini.pw.edu.pl\/seminaria-data-science\/\">Seminarium Data Science<\/a><\/li>\n<p><\/p>\n<li><a href=\"http:\/\/meetup.com\/Spotkania-Entuzjastow-R-Warsaw-R-Users-Group-Meetup\/\">SER &#8211; czyli Spotkania Entuzjast\u00f3w R i Analizy Danych<\/a><\/li>\n<p><\/p>\n<li><a href=\"http:\/\/datascience.mini.pw.edu.pl\/\">Ko\u0142o Naukowe Data Science<\/a><\/li>\n<p><\/p>\n<li><a href=\"https:\/\/knmm.mini.pw.edu.pl\/\">Ko\u0142o Naukowe Modelowania Matematycznego<\/a><\/li>\n<p><\/p>\n<li><a href=\"http:\/\/www.ibspan.waw.pl\/komisja.statystyki\/\">Komisja Statystyki Komitetu Matematyki PAN<\/a><\/li>\n<p><\/p>\n<li><a href=\"http:\/\/smarterpoland.pl\">SmarterPoland.pl<\/a><\/li>\n<p><\/p>\n<li><a href=\"http:\/\/thisisstatistics.org\/\">This is Statistics&#8230;<\/a><\/li>\n<p><\/p>\n<li><a href=\"http:\/\/www.worldofstatistics.org\/\">The World of Statistics<\/a><\/li>\n<p><\/p>\n<li><a href=\"http:\/\/topyaps.com\/top-10-reasons-to-study-mathematics\">Top 10 reasons to study mathematics<\/a><\/li>\n<p><\/p>\n<li><a href=\"https:\/\/soundcloud.com\/szymon-drejewicz-184766256\">Data Science po polsku<\/a><\/li>\n<p><\/p>\n<\/ul>\n","protected":false},"excerpt":{"rendered":"<p>Zagadnienia na egzamin magisterski dla student\u00f3w specjalno\u015bci SMAD Seminarium Data Science SER &#8211; czyli Spotkania Entuzjast\u00f3w R i Analizy Danych Ko\u0142o Naukowe Data Science Ko\u0142o Naukowe Modelowania Matematycznego Komisja Statystyki Komitetu Matematyki PAN SmarterPoland.pl This is Statistics&#8230; The World of Statistics Top 10 reasons to study mathematics Data Science po polsku<\/p>\n","protected":false},"author":2,"featured_media":0,"parent":0,"menu_order":12,"comment_status":"closed","ping_status":"closed","template":"","meta":{"footnotes":""},"class_list":["post-226","page","type-page","status-publish","hentry"],"_links":{"self":[{"href":"https:\/\/smad.mini.pw.edu.pl\/index.php?rest_route=\/wp\/v2\/pages\/226","targetHints":{"allow":["GET"]}}],"collection":[{"href":"https:\/\/smad.mini.pw.edu.pl\/index.php?rest_route=\/wp\/v2\/pages"}],"about":[{"href":"https:\/\/smad.mini.pw.edu.pl\/index.php?rest_route=\/wp\/v2\/types\/page"}],"author":[{"embeddable":true,"href":"https:\/\/smad.mini.pw.edu.pl\/index.php?rest_route=\/wp\/v2\/users\/2"}],"replies":[{"embeddable":true,"href":"https:\/\/smad.mini.pw.edu.pl\/index.php?rest_route=%2Fwp%2Fv2%2Fcomments&post=226"}],"version-history":[{"count":21,"href":"https:\/\/smad.mini.pw.edu.pl\/index.php?rest_route=\/wp\/v2\/pages\/226\/revisions"}],"predecessor-version":[{"id":832,"href":"https:\/\/smad.mini.pw.edu.pl\/index.php?rest_route=\/wp\/v2\/pages\/226\/revisions\/832"}],"wp:attachment":[{"href":"https:\/\/smad.mini.pw.edu.pl\/index.php?rest_route=%2Fwp%2Fv2%2Fmedia&parent=226"}],"curies":[{"name":"wp","href":"https:\/\/api.w.org\/{rel}","templated":true}]}}