{"id":29,"date":"2013-09-30T11:22:06","date_gmt":"2013-09-30T09:22:06","guid":{"rendered":"http:\/\/smad.mini.pw.edu.pl\/?page_id=29"},"modified":"2025-05-29T12:57:55","modified_gmt":"2025-05-29T10:57:55","slug":"absolwenci","status":"publish","type":"page","link":"https:\/\/smad.mini.pw.edu.pl\/?page_id=29","title":{"rendered":"Absolwenci"},"content":{"rendered":"\n<h3>Sukcesy naszych absolwent\u00f3w:<\/h3>\n<ul>\n<li>\nPodczas konferencji ISFS 2025 (<a href=\"https:\/\/isfspolfuzz.us.edu.pl\">International Symposium on Fuzzy Sets<\/a>), kt\u00f3ra odby\u0142a si\u0119 w Katowicach, w dniach 23-25 maja 2025, mia\u0142a miejsce gala <a href=\"https:\/\/polfuzz.org\/konkursy\/\"><b>Og\u00f3lnopolskiego konkursu Polskiego Towarzystwa Zbior\u00f3w Rozmytych\nna najlepsz\u0105 prac\u0119 dyplomow\u0105 z teorii i zastosowa\u0144 zbior\u00f3w rozmytych<\/b><\/a>, \nw kt\u00f3rym pierwsz\u0105 nagrod\u0119 otrzyma\u0142a p. mgr <b>Milena Zacharczuk<\/b>, absolwentka specjalno\u015bci SMAD, za prac\u0119 magistersk\u0105 pt. <i>Zastosowanie teorii niepewno\u015bci Liu we wnioskowaniu statystycznym na podstawie nieprecyzyjnych danych<\/i> (promotor: prof. dr hab. Przemys\u0142aw Grzegorzewski).<br \/>\nWe wspomnianym konkursie absolwenci SMAD zdobyli jeszcze drug\u0105 nagrod\u0119: mgr <b>Marcin Ostrowski<\/b>, za prac\u0119 magistersk\u0105 pt. <i>Metody wyja\u015bnialne w uczeniu cz\u0119\u015bciowo-nadzorowanym dla danych medycznych<\/i> (promotor: dr hab. Katarzyna Kaczmarek-Majer) oraz jedn\u0105 z dw\u00f3ch r\u00f3wnowa\u017cnych trzecich nagr\u00f3d: mgr <b>Julita Kulesza<\/b>, za prac\u0119 magistersk\u0105 pt. <i>Metody analizy danych funkcjonalnych w testowaniu hipotez na podstawie nieprecyzyjnych obserwacji<\/i> (promotor: prof. dr hab. Przemys\u0142aw Grzegorzewski), jak r\u00f3wnie\u017c dwa wyr\u00f3\u017cnienia pozaregulaminowe: <b>Yelyzaveta Liubonko<\/b>, za prac\u0119 magistersk\u0105 pt. <i>Analiza statystyczna modyfikacji bootstrapu dla liczb rozmytych z u\u017cyciem estymator\u00f3w j\u0105drowych<\/i> (promotor: dr hab. Maciej Romaniuk) i <b>Weronika Kami\u0144ska<\/b>, za prac\u0119 magistersk\u0105 pt. <i>Analiza numeryczna metod dotycz\u0105cych zwi\u0119kszania liczebno\u015bci danych katastroficznych<\/i> (promotor: dr hab. Maciej Romaniuk).\n<br \/>(maj 2025)\n<\/li>\n\n<li>\nPonadto, podczas <a href=\"https:\/\/escim2025.uca.es\">16th European Symposium on Computational Intelligence and Mathematics (ESCIM 2025)<\/a>, A Coru\u00f1a (18-21 maja 2025), mgr <b>Marcin Ostrowski<\/b> otrzyma\u0142 Outstanding Student Paper Award za prac\u0119 pt. <i>Fuzzy weighted Shapley values based on nearest neighbor classification<\/i> (Marcin Ostrowski, Katarzyna Kaczmarek-Majer, Jan Budzianowski, Pawe\u0142 Burchardt, Janusz Rze\u017aniczak).\n<br \/>(maj 2025)\n<\/li>\n\n<li>Cztery absolwentki SMADu &#8211; Ma\u0142gorzata Dobkowska, Ma\u0142gorzata \u0141az\u0119cka, Karolina Seweryn i Katarzyna Zdon &#8211; znalaz\u0142y si\u0119 na li\u015bcie <a href=\"https:\/\/womenintechsummit.pl\/top-100-women-in-data-science\">Top 100 Women in Data Science in Poland<\/a>. <br \/>(maj 2024) \n<\/li>\n\n<li>Absolwent SMAD-u, mgr Hubert Dr\u0105\u017ckowski otrzyma\u0142 III nagrod\u0119 w konkursie &#8222;BNY Mellon Science Master\u2019s Thesis Competition&#8221; na najlepsz\u0105 prac\u0119 magistersk\u0105 z matematyki stosowanej, obronion\u0105 w roku akademickim 2022\/2023.<br \/>(stycze\u0144 2024)<\/li>\n\n<li>Rada Naukowa Dyscypliny Matematyka nada\u0142a mgr Ma\u0142gorzacie \u0141az\u0119ckiej stopie\u0144 doktora za prac\u0119 pt. <i>Properties of Information-Theoretic Measures of Coniditional Dependence<\/i>.<br \/>(marzec 2023)<\/li>\n<li>Praca magisterska Oliwii Gadomskiej, pt. <i>Testowanie zgodno\u015bci na podstawie danych rozmytych<\/i>, zaj\u0119\u0142a II miejsce w III edycji <a href=\"https:\/\/ww2.mini.pw.edu.pl\/gala-iii-edycji-ogolnopolskiego-konkursu-na-najlepsza-prace-magisterska-dotyczaca-uczenia-maszynowego-lub-analizy-danych\/\">Og\u00f3lnopolskiego konkursu na najlepsz\u0105 prac\u0119 magistersk\u0105 dotycz\u0105c\u0105 uczenia maszynowego lub analizy danych<\/a>.<br \/>(pa\u017adziernik 2022)<\/li>\n<li>Absolwent SMAD-u, mgr Wojciech W\u00f3jciak otrzyma\u0142 III nagrod\u0119 w konkursie publiczno\u015bci na najlepszy plakat na konferencji <i>Statistische Woche 2022<\/i>, kt\u00f3ra odby\u0142a si\u0119 w dniach 20-23.09.2022 w M\u00fcnster. Prezentowa\u0142 on poster zatytu\u0142owany  \u201estratallo \u2013 a new R package for optimal sample allocation\u201d.<br \/>(wrzesie\u0144 2022)<\/li>\n<li>Podczas \u015bwiatowego kongresu <a href=\"https:\/\/wcci2022.org\">WCCI 2022<\/a> (Padwa, 18-23 lipca 2022), absolwent SMAD-u, mgr Kamil Kmita, zosta\u0142 uhonorowany presti\u017cow\u0105 nagrod\u0105 IEEE International Conference on Fuzzy Systems Best Paper Award za prac\u0119 <cite>Confidence path regularization for handling label uncertainty in semi-supervised learning: use case in bipolar disorder monitoring<\/cite>.<br \/>(lipiec 2022)<\/li>\n<li>Rada Naukowa Dyscypliny Matematyka nada\u0142a mgr. Krzysztofowi Rudasiowi stopie\u0144 doktora za prac\u0119 <i>Linear regression for uplift modeling<\/i>.<br \/>(maj 2022)<\/li>\n<li>Z rado\u015bci\u0105 informujemy, \u017ce absolwent SMAD-u, mgr Krzysztof Banecki, zdoby\u0142 III nagrod\u0119 w <a href=\"http:\/\/www.math.uni.wroc.pl\/ptm\/\">LV Konkursie na najlepsz\u0105 prac\u0119 studenck\u0105 z teorii prawdopodobie\u0144stwa i zastosowa\u0144 matematyki<\/a>, organizowanym przez Oddzia\u0142 Wroc\u0142awski Polskiego Towarzystwa Matematycznego, za prac\u0119 dyplomow\u0105 pt. <cite>Coalescent models for estimating phylogenetic trees<\/cite>. Promotor nagrodzonej pracy by\u0142 dr hab. Grzegorz Rempa\u0142a.<br \/>(luty 2022)<\/li>\n<li>Absolwenci SMAD-u, a obecnie doktoranci naszego Wydzia\u0142u, zostali kolejny raz laureatami konkursu dla m\u0142odych statystyk\u00f3w na najlepszy referat wyg\u0142oszony podczas konferencji &#8222;Statystyka Matematyczna&#8221;. Podczas tegorocznej, XLVII Konferencji &#8222;Statystyka Matematyczna \u2013 B\u0119dlewo 2021&#8221;, Krzysztof Ruda\u015b oraz oraz Ma\u0142gorzata \u0141az\u0119cka zaj\u0119li, odpowiednio, I miejsce i II miejsce.<br \/>(grudzie\u0144 2021)<\/li>\n<li>Praca mgr Elizy Kaczorek, pt. <cite>Wykrywanie interakcji miedzy genami przy u\u017cyciu metod teorii informacji<\/cite>, zaj\u0119\u0142a II miejsce w drugiej edycji <a href=\"https:\/\/mini-pw.github.io\/DataScienceInnovators\/\">Og\u00f3lnopolskiego konkursu na najlepsz\u0105 prac\u0119 magistersk\u0105 dotycz\u0105c\u0105 uczenia maszynowego lub analizy danych<\/a>.<br \/>(czerwiec 2020)<\/li>\n<li>Doktorant naszego Wydzia\u0142u, mgr Krzysztof Ruda\u015b, zaj\u0105\u0142 drugie miejsce w konkursie dla m\u0142odych statystyk\u00f3w na najlepsz\u0105 prezentacj\u0119 wyg\u0142oszon\u0105 podczas XLV Konferencji &#8222;Statystyka Matematyczna \u2013 B\u0119dlewo 2019&#8221;.<br \/>(grudzie\u0144 2019)<\/li>\n<li>Rada Naukowa Dyscypliny Matematyka nada\u0142a stopie\u0144 doktora (z wyr\u00f3\u017cnieniem) mgr. Mariuszowi Kubkowskiemu za prac\u0119 <cite>Misspecification of binary regression model: properties and inferential procedures<\/cite>.<br \/>(grudzie\u0144 2019)<\/li>\n<li>Nasz doktorant mgr Mariusz Kubkowski uzyska\u0142 nominacj\u0119 Zespo\u0142u ds. Rozwoju Statystyki Matematycznej i Jej Zastosowa\u0144 i wraz z mgr \u0141ukaszem Rajkowskim (z Wydz. MIMUW) b\u0119dzie reprezentowa\u0142 Polsk\u0119 podczas 21. Europejskiego Spotkania M\u0142odych Statystykow (21st European Young Statisticians Meetings &#8211; EYSM), kt\u00f3re odb\u0119dzie si\u0119 w Belgradzie w dniach 21 lipca &#8211; 2 sierpnia 2019 r.<br \/>(stycze\u0144 2019)<\/li>\n<li>Rada Naukowa Instytutu Bada\u0144 Systemowych PAN nada\u0142a stopie\u0144 doktora mgr Annie Cenie za prac\u0119 <cite>Adaptacyjne algorytmy hierarchicznej analizy skupie\u0144 oparte na metodach agregacji danych<\/cite>.<br \/>(grudzie\u0144 2018)<\/li>\n<li>Mgr Ma\u0142gorzata \u0141az\u0119cka zaj\u0119\u0142a III miejsce w konkursie na najlepsz\u0105 prezentacj\u0119 dla m\u0142odych statystyk\u00f3w podczas XLIV Konferencji &#8222;Statystyka Matematyczna &#8211; B\u0119dlewo 2018&#8221;, odbywaj\u0105cej si\u0119 w B\u0119dlewie w dniach 2-7 grudnia 2018 r.<br \/>(grudzie\u0144 2018)<\/li>\n<li>Rada Naukowa Instytutu Podstaw Informatyki PAN nada\u0142a stopie\u0144 doktora mgr. \u0141ukaszowi Zaniewiczowi za prac\u0119 <cite>Maszyny wektor\u00f3w wspieraj\u0105cych w modelowaniu r\u00f3\u017cnicowym<\/cite>.<br \/>(listopad 2018)<\/li>\n<li>Mgr Krzysztof Ruda\u015b zaj\u0105\u0142 I miejsce w konkursie na najlepsz\u0105 prezentacj\u0119 dla m\u0142odych statystyk\u00f3w podczas XLIII Konferencji &#8222;Statystyka Matematyczna &#8211; B\u0119dlewo 2017&#8221;, odbywaj\u0105cej si\u0119 w B\u0119dlewie w dniach 4-8 grudnia 2017 r.<br \/>(grudzie\u0144 2017)<\/li>\n<li>Mgr Paulina Wieszczy uzyska\u0142a stypendium &#8222;Fulbright Junior Research Award&#8221; na wyjazd do Bostonu, by realizowa\u0107 projekt doktorski w Harvard T.H. Chan School of Public Health.<br \/>(grudzie\u0144 2017)<\/li>\n<li>Mgr Hubert Szymanowski zaj\u0105\u0142 I miejsce w konkursie na najlepsz\u0105 prezentacj\u0119 dla m\u0142odych statystyk\u00f3w podczas XL Konferencji &#8222;Statystyka Matematyczna &#8211; B\u0119dlewo 2014&#8221;, odbywaj\u0105cej si\u0119 w B\u0119dlewie w dniach 1-5 grudnia 2014 r.<br \/>(grudzie\u0144 2014)<\/li>\n<li>Mgr Hubert Szymanowski zaj\u0105\u0142 III miejsce w konkursie na najlepsz\u0105 prezentacj\u0119 dla m\u0142odych statystyk\u00f3w podczas XXXIX Konferencji &#8222;Statystyka Matematyczna &#8211; Wis\u0142a 2013&#8221;, odbywaj\u0105cej si\u0119 w Wi\u015ble w dniach 2-6 grudnia 2013 r.<br \/>(grudzie\u0144 2013)<\/li>\n<li>Siedmioro spo\u015br\u00f3d absolwent\u00f3w specjalno\u015bci SMAD (kt\u00f3rzy uko\u0144czyli studia w roku 2012 i 2013) zda\u0142o egzaminy i zosta\u0142o przyj\u0119tych na presti\u017cowe studia doktoranckie:\n<ol>\n<li><a href=\"http:\/\/www.mini.pw.edu.pl\/tikiwiki\/tiki-index.php?page=dokt\">studia doktoranckie na Wydziale Matematyki i Nauk Informacyjnych Politechniki Warszawskiej<\/a> (1 osoba),<\/li>\n<li><a href=\"http:\/\/phd.ipipan.waw.pl\/\">Interdyscyplinarne Studia Doktoranckie PAN &#8211; <cite>Technologie informacyjne: badania i ich interdyscyplinarne zastosowania<\/cite> <\/a>(6 os\u00f3b).<\/li>\n<\/ol>\n<p>(wrzesie\u0144 2013)<\/p>\n<\/li>\n<li>Mariusz Dziewa\u0144ski (student SMAD) zaj\u0105\u0142 wraz z Micha\u0142em Kuklewskim trzecie miejsce w konkursie <cite>Business Analysis Competition<\/cite>, zorganizowanym przez firm\u0119 Schneider Electric. <a href=\"http:\/\/www.pw.edu.pl\/Uczelnia\/Osiagniecia-pracownikow-i-studentow-PW\/Studenci-PW-laureatami-konkursu-Schneider-Electric\">(patrz)<\/a><br \/>(wrzesie\u0144, 2013)<\/li>\n<li>Mgr Hubert Szymanowski otrzyma\u0142 trzeci\u0105 nagrod\u0119 w <a href=\"http:\/\/www.math.uni.wroc.pl\/ptm\/index.php\/Konkursy\/Konkursy\">XLVI Konkursie na najlepsz\u0105 prac\u0119 studenck\u0105 z teorii prawdopodobie\u0144stwa i zastosowa\u0144 matematyki<\/a>, przyznan\u0105 przez Oddzia\u0142 Wroc\u0142awski Polskiego Towarzystwa Matematycznego, za prac\u0119 dyplomow\u0105 pt. <cite>Testy zgodno\u015bci dla nieprecyzyjnych danych<\/cite>, napisan\u0105 pod kierunkiem prof. nzw. dr. hab. Przemys\u0142awa Grzegorzewskiego.<br \/>(grudzie\u0144 2012)<\/li>\n<\/ul>\n","protected":false},"excerpt":{"rendered":"<p>Sukcesy naszych absolwent\u00f3w: Podczas konferencji ISFS 2025 (International Symposium on Fuzzy Sets), kt\u00f3ra odby\u0142a si\u0119 w Katowicach, w dniach 23-25 maja 2025, mia\u0142a miejsce gala Og\u00f3lnopolskiego konkursu Polskiego Towarzystwa Zbior\u00f3w Rozmytych na najlepsz\u0105 prac\u0119 dyplomow\u0105 z teorii i zastosowa\u0144 zbior\u00f3w rozmytych, w kt\u00f3rym pierwsz\u0105 nagrod\u0119 otrzyma\u0142a p. mgr Milena Zacharczuk, absolwentka specjalno\u015bci SMAD, za prac\u0119 &hellip; <a href=\"https:\/\/smad.mini.pw.edu.pl\/?page_id=29\" class=\"more-link\">Continue reading <span class=\"screen-reader-text\">Absolwenci<\/span> <span class=\"meta-nav\">&rarr;<\/span><\/a><\/p>\n","protected":false},"author":1,"featured_media":0,"parent":0,"menu_order":12,"comment_status":"closed","ping_status":"closed","template":"","meta":{"footnotes":""},"class_list":["post-29","page","type-page","status-publish","hentry"],"_links":{"self":[{"href":"https:\/\/smad.mini.pw.edu.pl\/index.php?rest_route=\/wp\/v2\/pages\/29","targetHints":{"allow":["GET"]}}],"collection":[{"href":"https:\/\/smad.mini.pw.edu.pl\/index.php?rest_route=\/wp\/v2\/pages"}],"about":[{"href":"https:\/\/smad.mini.pw.edu.pl\/index.php?rest_route=\/wp\/v2\/types\/page"}],"author":[{"embeddable":true,"href":"https:\/\/smad.mini.pw.edu.pl\/index.php?rest_route=\/wp\/v2\/users\/1"}],"replies":[{"embeddable":true,"href":"https:\/\/smad.mini.pw.edu.pl\/index.php?rest_route=%2Fwp%2Fv2%2Fcomments&post=29"}],"version-history":[{"count":42,"href":"https:\/\/smad.mini.pw.edu.pl\/index.php?rest_route=\/wp\/v2\/pages\/29\/revisions"}],"predecessor-version":[{"id":1228,"href":"https:\/\/smad.mini.pw.edu.pl\/index.php?rest_route=\/wp\/v2\/pages\/29\/revisions\/1228"}],"wp:attachment":[{"href":"https:\/\/smad.mini.pw.edu.pl\/index.php?rest_route=%2Fwp%2Fv2%2Fmedia&parent=29"}],"curies":[{"name":"wp","href":"https:\/\/api.w.org\/{rel}","templated":true}]}}